{"id":2608,"date":"2025-02-13T13:09:08","date_gmt":"2025-02-13T12:09:08","guid":{"rendered":"https:\/\/www.atma-reizen.nl\/blog\/?post_type=product&#038;p=2608"},"modified":"2026-04-14T14:47:36","modified_gmt":"2026-04-14T13:47:36","slug":"innerlijke-reis-pinksteren","status":"publish","type":"product","link":"https:\/\/www.atma-reizen.nl\/blog\/product\/innerlijke-reis-pinksteren\/","title":{"rendered":"Prachtige Hereniging Maandprogramma met LIVE dag"},"content":{"rendered":"<h2><span style=\"color: #0033ff;\">Wil jij in een mystiek innerlijke reis de energie van oeroude Egyptische krachtplekken door je heen voelen stromen?<\/span><\/h2>\n<p><strong><br \/>\nMythologie meditaties in het maandprogramma &#8216;de Prachtige Hereniging&#8217; geven een her-inneren van binnenin<\/strong> van die energetisch mythologische essentie. Meditatiecirkels (op afstand) op Egyptische energie krachtvelden en ook energie\u00ebn van oeroude wateren van v\u00f3\u00f3r onze fysieke schepping. Het programma heeft een energetische opbouw waarmee je de band tussen geest en lichaam kunt volmaken.<\/p>\n<p><strong>Egyptische mythologie en gnostiek vallen symbolisch in-\u00e9\u00e9n..<\/strong> Pinksteren is net als de mythologie van \u2018de Prachtige Hereniging\u2019 een oogstfeest. De oogst van het eerste fruit in de uitstorting van de Heilige Geest in de apostelen.<br \/>\nIn de symboliek van \u2018de Prachtige Hereniging\u2019 herenigt de lichtvonk zich in het Licht die bij de Moeder is. Dit is je tweeling vlam die (nog) bij de Moeder is. Horus herenigt zich met Hat-hor op the island of the twin flame. Horus die al in Hat-hor aanwezig is.<\/p>\n<h3>Hoe zou het voor jou zijn als:<\/h3>\n<p><strong>\u203a<\/strong> Je oerspronkelijke energie stroomt zodat je meer en meer jou stralende zelf leeft.<br \/>\n<strong>\u203a<\/strong> Je met meer energie jouw werk kunt doen, dienend voor mensen.<br \/>\n<strong>\u203a<\/strong> Jij jezelf vitaler voelt in je leven. Jij je levensenergie krachtiger voelt stromen in jezelf en je leven.<\/p>\n<p><strong>De investeringsprijs is inclusief:<\/strong><br \/>\n1. <strong>Toegang besloten websitedeel<\/strong> met informatie over; universele principes van het leven, innerlijke betekenis van mythologie en symboliek, geluid en meditatie mp3\u2019s<br \/>\n2. <strong>3<\/strong> online Mythologie en Meditatie krachtcirkels; <a href=\"https:\/\/www.atmacoaching.nl\/meditatie-innerlijke-reis.html\" target=\"_blank\" rel=\"noopener\">voor de data zie programma beschrijving op de website<\/a><br \/>\n3. <strong>LIVE dag<\/strong> in Zutphen \u2018de Prachtige Hereniging\u2019<br \/>\n4. <strong>Individuele initiatie sessie op afstand<\/strong> met een kort ingesproken bericht<\/p>\n<p><strong>Met bonussen:<\/strong><br \/>\n5. <strong>Groepsapp<\/strong> voor \u2018de Prachtige Hereniging\u2019<br \/>\n6. Meditatie mp3 <strong>\u2018hoe jij jezelf vrij kunt leven\u2019<\/strong><\/p>\n<p>In het maandprogramma &#8216;de Prachtige Hereniging&#8217; ontvang je een op jou afgestemde individuele initiatie of activatie van 30 minuten. Op jou afgestemde Egyptische krachtvelden die willen verschijnen. Om je te ondersteunen in jou ascensie. Zodat je meer en meer jouw licht kunt stralen.<\/p>\n<p><strong>Ervaring Initiatie \/ activatie sessie van Elya<\/strong><\/p>\n<p>\u201cHet voelt als thuiskomen. Voor het eerst in m\u2019n leven een innerlijke blijheid die spartelend en sprankelend is en\u2026.. ik moet eraan wennen. Vrolijk, vrij, positief. Warmte van m\u2019n kruin en om me heen, tot in de aarde. Parelmoer energie. Het voelt als een slang die z\u2018n huid aflegt. \u201d<\/p>\n<p><strong><a href=\"https:\/\/www.atmacoaching.nl\/meditatie-innerlijke-reis.html\" target=\"_blank\" rel=\"noopener\">Klik hier om meer te lezen over de mystiek innerlijke reis in het maandprogramma &#8216;de Prachtige Hereniging&#8217;.<\/a><\/strong><\/p>\n<p>Bij aanmelding ga je tevens akkoord met de <strong><a href=\"https:\/\/www.atma-reizen.nl\/atma_reis_boekings_vw.pdf\" target=\"_blank\" rel=\"noopener\">Boekingsvoorwaarden <\/a><\/strong>voor online programma&#8217;s, zoals vermeld op de website van Atma-Reizen.nl.<br \/>\nNa aanmelding ontvang je bevestiging en de factuur.<\/p>\n","protected":false},"excerpt":{"rendered":"<h2><span style=\"color: #6600cc;\"><strong>Wil jij energie van oeroude Egyptische krachtvelden door je heen voelen stromen<\/strong><\/span> om meer van jouw licht de wereld in te brengen?<\/h2>\n<p><strong><br \/>\nWe reizen energetisch in een innerlijk heilige reis<\/strong> langs de krachtplaatsen van Dendara naar Edfu in Egypte. Voor het heilige huwelijk van Hathor en Horus. In een diepere laag; Het huwelijk tussen hemel en aarde. De band tussen geest en lichaam volmaken.<\/p>\n<p>Aanmelden is niet meer mogelijk!<\/p>\n<p>Koop je vanuit Belgi\u00eb? Noteer dan BE achter je 4-cijferige postcode.<\/p>\n","protected":false},"featured_media":2314,"comment_status":"open","ping_status":"closed","template":"","meta":{"_seopress_robots_primary_cat":"none","_seopress_titles_title":"","_seopress_titles_desc":"Een magisch innerlijke reis (online). Waarin we in Mythologie en Meditatie krachtcirkels de heilige reis van Hathor naar haar geliefde Horus volgen.","_seopress_robots_index":"","site-sidebar-layout":"default","site-content-layout":"","ast-site-content-layout":"default","site-content-style":"default","site-sidebar-style":"default","ast-global-header-display":"","ast-banner-title-visibility":"","ast-main-header-display":"","ast-hfb-above-header-display":"","ast-hfb-below-header-display":"","ast-hfb-mobile-header-display":"","site-post-title":"","ast-breadcrumbs-content":"","ast-featured-img":"","footer-sml-layout":"","ast-disable-related-posts":"","theme-transparent-header-meta":"default","adv-header-id-meta":"","stick-header-meta":"","header-above-stick-meta":"","header-main-stick-meta":"","header-below-stick-meta":"","astra-migrate-meta-layouts":"set","ast-page-background-enabled":"default","ast-page-background-meta":{"desktop":{"background-color":"var(--ast-global-color-5)","background-image":"","background-repeat":"repeat","background-position":"center center","background-size":"auto","background-attachment":"scroll","background-type":"","background-media":"","overlay-type":"","overlay-color":"","overlay-opacity":"","overlay-gradient":""},"tablet":{"background-color":"","background-image":"","background-repeat":"repeat","background-position":"center center","background-size":"auto","background-attachment":"scroll","background-type":"","background-media":"","overlay-type":"","overlay-color":"","overlay-opacity":"","overlay-gradient":""},"mobile":{"background-color":"","background-image":"","background-repeat":"repeat","background-position":"center center","background-size":"auto","background-attachment":"scroll","background-type":"","background-media":"","overlay-type":"","overlay-color":"","overlay-opacity":"","overlay-gradient":""}},"ast-content-background-meta":{"desktop":{"background-color":"var(--ast-global-color-4)","background-image":"","background-repeat":"repeat","background-position":"center center","background-size":"auto","background-attachment":"scroll","background-type":"","background-media":"","overlay-type":"","overlay-color":"","overlay-opacity":"","overlay-gradient":""},"tablet":{"background-color":"var(--ast-global-color-4)","background-image":"","background-repeat":"repeat","background-position":"center center","background-size":"auto","background-attachment":"scroll","background-type":"","background-media":"","overlay-type":"","overlay-color":"","overlay-opacity":"","overlay-gradient":""},"mobile":{"background-color":"var(--ast-global-color-4)","background-image":"","background-repeat":"repeat","background-position":"center center","background-size":"auto","background-attachment":"scroll","background-type":"","background-media":"","overlay-type":"","overlay-color":"","overlay-opacity":"","overlay-gradient":""}},"_joinchat":[]},"product_brand":[],"product_cat":[98],"product_tag":[101],"class_list":{"0":"post-2608","1":"product","2":"type-product","3":"status-publish","4":"has-post-thumbnail","6":"product_cat-meditaties-voor-innerlijke-rust","7":"product_tag-bewustzijnsontwikkeling","8":"desktop-align-left","9":"tablet-align-left","10":"mobile-align-left","12":"first","13":"instock","14":"sale","15":"taxable","16":"shipping-taxable","17":"purchasable","18":"product-type-simple"},"_links":{"self":[{"href":"https:\/\/www.atma-reizen.nl\/blog\/wp-json\/wp\/v2\/product\/2608","targetHints":{"allow":["GET"]}}],"collection":[{"href":"https:\/\/www.atma-reizen.nl\/blog\/wp-json\/wp\/v2\/product"}],"about":[{"href":"https:\/\/www.atma-reizen.nl\/blog\/wp-json\/wp\/v2\/types\/product"}],"replies":[{"embeddable":true,"href":"https:\/\/www.atma-reizen.nl\/blog\/wp-json\/wp\/v2\/comments?post=2608"}],"wp:featuredmedia":[{"embeddable":true,"href":"https:\/\/www.atma-reizen.nl\/blog\/wp-json\/wp\/v2\/media\/2314"}],"wp:attachment":[{"href":"https:\/\/www.atma-reizen.nl\/blog\/wp-json\/wp\/v2\/media?parent=2608"}],"wp:term":[{"taxonomy":"product_brand","embeddable":true,"href":"https:\/\/www.atma-reizen.nl\/blog\/wp-json\/wp\/v2\/product_brand?post=2608"},{"taxonomy":"product_cat","embeddable":true,"href":"https:\/\/www.atma-reizen.nl\/blog\/wp-json\/wp\/v2\/product_cat?post=2608"},{"taxonomy":"product_tag","embeddable":true,"href":"https:\/\/www.atma-reizen.nl\/blog\/wp-json\/wp\/v2\/product_tag?post=2608"}],"curies":[{"name":"wp","href":"https:\/\/api.w.org\/{rel}","templated":true}]}}